{"id":79540,"date":"2026-04-27T04:44:06","date_gmt":"2026-04-27T04:44:06","guid":{"rendered":""},"modified":"2026-04-27T04:44:06","modified_gmt":"2026-04-27T04:44:06","slug":"cenove-vyhodny-polysan-esca-gold-matt-jednodilna-sprchova-zastena-k-instalaci-ke-stene-sklo-cire-1000-mm-es1010-04-79540","status":"publish","type":"product","link":"https:\/\/www.stavohome.com\/index.php\/produkt\/cenove-vyhodny-polysan-esca-gold-matt-jednodilna-sprchova-zastena-k-instalaci-ke-stene-sklo-cire-1000-mm-es1010-04-79540\/","title":{"rendered":"Cenov\u011b V\u00fdhodn\u00fd Polysan ESCA GOLD MATT jednod\u00edln\u00e1 sprchov\u00e1 z\u00e1st\u011bna k instalaci ke st\u011bn\u011b, sklo \u010dir\u00e9, 1000 mm ES1010-04"},"content":{"rendered":"<div class=\"tabs__content-outer\" id=\"tab_description\" data-hash=\"description\" data-tabindex=\"-1\">\n<div class=\"tabs__content toggle_description\" id=\"content_description\">\n<div class=\"wysiwyg-content\">\n<div class=\"product__tab product__description full-width\">\n<div class=\"container\">\n<div >\n<h3>Polysan ESCA GOLD MATT jednod\u00edln\u00e1 sprchov\u00e1 z\u00e1st\u011bna k instalaci ke st\u011bn\u011b, sklo \u010dir\u00e9, 1000 mm ES1010-04<\/h3>\n<p style=\"text-align: justify;\">Kolekce walk-in z\u00e1st\u011bn ESCA umo\u017e\u0148uje kombinovat r\u016fzn\u00e1 skla s profily a vzp\u011brami v n\u011bkolika barevn\u00fdch proveden\u00edch, a\u0165 se jedn\u00e1 o instalaci ke st\u011bn\u011b nebo do prostoru. Walk-in z\u00e1st\u011bny ESCA d\u00edky stavebnicov\u00e9mu syst\u00e9mu poskytuj\u00ed dokonal\u00e9 \u0159e\u0161en\u00ed sprchov\u00e9ho koutu pro ka\u017edou koupelnu.<\/p>\n<p><strong>Charakteristika sprchov\u00fdch walk-in z\u00e1st\u011bn s\u00e9rie ESCA<\/strong><\/p>\n<ul>\n<li>Z\u00e1st\u011bny v&nbsp;\u0161\u00ed\u0159k\u00e1ch 700 a\u017e 1500 mm<\/li>\n<li>Bezpe\u010dnostn\u00ed sklo o&nbsp;s\u00edle 8 mm na v\u00fdb\u011br v&nbsp;proveden\u00ed \u010dir\u00e9 \/ kou\u0159ov\u00e9 \/ matn\u00e9 \/ Flute \/ Marron<\/li>\n<li>Povrchov\u00e1 \u00faprava Antidrop zabra\u0148uje usazov\u00e1n\u00ed vodn\u00edho kamene a usnad\u0148uje \u010di\u0161t\u011bn\u00ed<\/li>\n<li>St\u011bnov\u00e9 profily s toleranc\u00ed 15 mm usnad\u0148uj\u00ed stabiln\u00ed mont\u00e1\u017e z\u00e1st\u011bn, instalace je mo\u017en\u00e1 na dla\u017ebu nebo sprchovou vani\u010dku<\/li>\n<li>St\u011bnov\u00fd profil z\u00e1st\u011bn na v\u00fdb\u011br z proveden\u00ed: chrom \/ \u010dern\u00e1 mat \/ b\u00edl\u00e1 mat \/ zlat\u00e1 mat<\/li>\n<li>Kolm\u00e1 vzp\u011bra o&nbsp;d\u00e9lce 1200 mm na v\u00fdb\u011br v&nbsp;proveden\u00ed chrom \/ \u010dern\u00e1 mat \/ b\u00edl\u00e1 mat \/ zlat\u00e1 mat<\/li>\n<li>Rohov\u00e1 vzp\u011bra o&nbsp;d\u00e9lce 900 mm na v\u00fdb\u011br v&nbsp;proveden\u00ed chrom \/ \u010dern\u00e1 mat \/&nbsp;b\u00edl\u00e1 mat \/ zlat\u00e1 mat<\/li>\n<li>Univerz\u00e1ln\u00ed vzp\u011bra o d\u00e9lce 2000 mm umo\u017e\u0148uje kombinaci dvou skel dohromady, na v\u00fdb\u011br v&nbsp;proveden\u00ed chrom \/ \u010dern\u00e1 mat \/ b\u00edl\u00e1 mat \/ zlat\u00e1 mat<\/li>\n<li>P\u0159etokov\u00e1 li\u0161ta o d\u00e9lce 1200 mm&nbsp;na v\u00fdb\u011br v&nbsp;proveden\u00ed chrom \/ \u010dern\u00e1 mat \/ b\u00edl\u00e1 mat \/ zlat\u00e1 mat<\/li>\n<li>Vzp\u011bry i p\u0159etokov\u00e9 li\u0161ty lze zkr\u00e1tit na po\u017eadovan\u00fd rozm\u011br<\/li>\n<li>T-spojka umo\u017e\u0148uje kombinaci dvou skel dohromady, na v\u00fdb\u011br&nbsp;v&nbsp;proveden\u00ed chrom \/ \u010dern\u00e1 mat \/ b\u00edl\u00e1 mat \/ zlat\u00e1 mat<\/li>\n<li>Variabiln\u00ed proveden\u00ed L\/R<\/li>\n<li>V\u00fd\u0161ka 2100 mm<\/li>\n<\/ul>\n<h4>Kombinace sestaven\u00ed sprchov\u00e9ho koutu:<\/h4>\n<div style=\"float: left; text-align: justify; width: 23%; padding-right: 10px;\">S rohovou vzp\u011brou <br \/>a st\u011bnov\u00fdm profilem <br \/>Z\u00e1st\u011bny do \u0161\u00ed\u0159ky 1200 mm<\/p>\n<\/div>\n<div style=\"float: left; text-align: justify; width: 23%; padding-right: 10px;\">S kolmou vzp\u011brou <br \/>a st\u011bnov\u00fdm profilem<\/div>\n<div style=\"float: left; text-align: justify; width: 23%; padding-right: 10px;\">Dv\u011b z\u00e1st\u011bny se st\u011bnov\u00fdm <br \/>profilem&nbsp;spojen\u00e9&nbsp;kolm\u00fdmi <br \/>vzp\u011brami&nbsp;a T-spojkou<\/div>\n<div style=\"float: left; text-align: justify; width: 23%; padding-right: 10px;\">Z\u00e1st\u011bna v prostoru <br \/>s dv\u011bma kolm\u00fdmi vzp\u011brami<\/div>\n<div style=\"clear: both;\"><\/div>\n<div class=\"product-explanation-item\">\n<h3>Antidrop<\/h3>\n<p style=\"text-align: justify;\">Antidrop je povrchov\u00e1 \u00faprava skla pro jeho snadnou \u00fadr\u017ebu. P\u0159i v\u00fdrob\u011b skla je nan\u00e1\u0161ena na jeho povrch s pou\u017eit\u00edm nanotechnologie a je obsa\u017eena v cen\u011b z\u00e1st\u011bn.<\/p>\n<\/p><\/div>\n<p><\/p>\n<p><b>Vlastnosti<\/b><\/p>\n<ul>\n<li><span>Tvar:<\/span> Jednost\u011bnn\u00e1 pevn\u00e1<\/li>\n<li><span>V\u00fd\u0161ka:<\/span> 2100 mm<\/li>\n<li><span>Hloubka:<\/span> 1000 mm<\/li>\n<li><span>Typ v\u00fdpln\u011b:<\/span> \u010cir\u00e9 sklo<\/li>\n<li><span>\u00daprava skla:<\/span> Antidrop<\/li>\n<li><span>Tlou\u0161\u0165ka skla:<\/span> 8 mm<\/li>\n<li><span>Barva:<\/span> Zlat\u00e1<\/li>\n<\/ul>\n<\/div><\/div>\n<\/p><\/div>\n<\/p><\/div>\n<\/p><\/div>\n","protected":false},"excerpt":{"rendered":"<p>Polysan ESCA GOLD MATT jednod\u00edln\u00e1 sprchov\u00e1 z\u00e1st\u011bna k instalaci ke st\u011bn\u011b, sklo \u010dir\u00e9, 1000 mm ES1010-04 Kolekce walk-in z\u00e1st\u011bn ESCA umo\u017e\u0148uje kombinovat r\u016fzn\u00e1 skla s profily a vzp\u011brami v n\u011bkolika barevn\u00fdch proveden\u00edch, a\u0165 se jedn\u00e1 o instalaci ke st\u011bn\u011b nebo do prostoru. Walk-in z\u00e1st\u011bny ESCA d\u00edky stavebnicov\u00e9mu syst\u00e9mu poskytuj\u00ed dokonal\u00e9 \u0159e\u0161en\u00ed sprchov\u00e9ho koutu pro ka\u017edou [&hellip;]<\/p>\n","protected":false},"featured_media":79592,"comment_status":"open","ping_status":"open","template":"","meta":[],"product_brand":[],"product_cat":[70],"product_tag":[],"class_list":{"0":"post-79540","1":"product","2":"type-product","3":"status-publish","4":"has-post-thumbnail","6":"product_cat-koupelna","8":"first","9":"instock","10":"sale","11":"shipping-taxable","12":"purchasable","13":"product-type-simple"},"yoast_head":"<!-- This site is optimized with the Yoast SEO plugin v26.8 - https:\/\/yoast.com\/product\/yoast-seo-wordpress\/ -->\n<title>Cenov\u011b V\u00fdhodn\u00fd Polysan ESCA GOLD MATT jednod\u00edln\u00e1 sprchov\u00e1 z\u00e1st\u011bna k instalaci ke st\u011bn\u011b, sklo \u010dir\u00e9, 1000 mm ES1010-04 -<\/title>\n<meta name=\"robots\" content=\"index, follow, max-snippet:-1, max-image-preview:large, max-video-preview:-1\" \/>\n<link rel=\"canonical\" href=\"https:\/\/www.stavohome.com\/index.php\/produkt\/cenove-vyhodny-polysan-esca-gold-matt-jednodilna-sprchova-zastena-k-instalaci-ke-stene-sklo-cire-1000-mm-es1010-04-79540\/\" \/>\n<meta property=\"og:locale\" content=\"cs_CZ\" \/>\n<meta property=\"og:type\" content=\"article\" \/>\n<meta property=\"og:title\" content=\"Cenov\u011b V\u00fdhodn\u00fd Polysan ESCA GOLD MATT jednod\u00edln\u00e1 sprchov\u00e1 z\u00e1st\u011bna k instalaci ke st\u011bn\u011b, sklo \u010dir\u00e9, 1000 mm ES1010-04 -\" \/>\n<meta property=\"og:description\" content=\"Polysan ESCA GOLD MATT jednod\u00edln\u00e1 sprchov\u00e1 z\u00e1st\u011bna k instalaci ke st\u011bn\u011b, sklo \u010dir\u00e9, 1000 mm ES1010-04 Kolekce walk-in z\u00e1st\u011bn ESCA umo\u017e\u0148uje kombinovat r\u016fzn\u00e1 skla s profily a vzp\u011brami v n\u011bkolika barevn\u00fdch proveden\u00edch, a\u0165 se jedn\u00e1 o instalaci ke st\u011bn\u011b nebo do prostoru. Walk-in z\u00e1st\u011bny ESCA d\u00edky stavebnicov\u00e9mu syst\u00e9mu poskytuj\u00ed dokonal\u00e9 \u0159e\u0161en\u00ed sprchov\u00e9ho koutu pro ka\u017edou [&hellip;]\" \/>\n<meta property=\"og:url\" content=\"https:\/\/www.stavohome.com\/index.php\/produkt\/cenove-vyhodny-polysan-esca-gold-matt-jednodilna-sprchova-zastena-k-instalaci-ke-stene-sklo-cire-1000-mm-es1010-04-79540\/\" \/>\n<meta property=\"og:image\" content=\"https:\/\/www.stavohome.com\/wp-content\/uploads\/2026\/SK0012131-CZ20260425-093041-0-1777080643-ece0cf19f7b46502c3b26f91e66c3e88.webp\" \/>\n\t<meta property=\"og:image:width\" content=\"971\" \/>\n\t<meta property=\"og:image:height\" content=\"800\" \/>\n\t<meta property=\"og:image:type\" content=\"image\/webp\" \/>\n<meta name=\"twitter:card\" content=\"summary_large_image\" \/>\n<meta name=\"twitter:label1\" content=\"Odhadovan\u00e1 doba \u010dten\u00ed\" \/>\n\t<meta name=\"twitter:data1\" content=\"2 minuty\" \/>\n<script type=\"application\/ld+json\" class=\"yoast-schema-graph\">{\"@context\":\"https:\/\/schema.org\",\"@graph\":[{\"@type\":\"WebPage\",\"@id\":\"https:\/\/www.stavohome.com\/index.php\/produkt\/cenove-vyhodny-polysan-esca-gold-matt-jednodilna-sprchova-zastena-k-instalaci-ke-stene-sklo-cire-1000-mm-es1010-04-79540\/\",\"url\":\"https:\/\/www.stavohome.com\/index.php\/produkt\/cenove-vyhodny-polysan-esca-gold-matt-jednodilna-sprchova-zastena-k-instalaci-ke-stene-sklo-cire-1000-mm-es1010-04-79540\/\",\"name\":\"Cenov\u011b V\u00fdhodn\u00fd Polysan ESCA GOLD MATT jednod\u00edln\u00e1 sprchov\u00e1 z\u00e1st\u011bna k instalaci ke st\u011bn\u011b, sklo \u010dir\u00e9, 1000 mm ES1010-04 -\",\"isPartOf\":{\"@id\":\"https:\/\/www.stavohome.com\/#website\"},\"primaryImageOfPage\":{\"@id\":\"https:\/\/www.stavohome.com\/index.php\/produkt\/cenove-vyhodny-polysan-esca-gold-matt-jednodilna-sprchova-zastena-k-instalaci-ke-stene-sklo-cire-1000-mm-es1010-04-79540\/#primaryimage\"},\"image\":{\"@id\":\"https:\/\/www.stavohome.com\/index.php\/produkt\/cenove-vyhodny-polysan-esca-gold-matt-jednodilna-sprchova-zastena-k-instalaci-ke-stene-sklo-cire-1000-mm-es1010-04-79540\/#primaryimage\"},\"thumbnailUrl\":\"https:\/\/www.stavohome.com\/wp-content\/uploads\/2026\/SK0012131-CZ20260425-093041-0-1777080643-ece0cf19f7b46502c3b26f91e66c3e88.webp\",\"datePublished\":\"2026-04-27T04:44:06+00:00\",\"breadcrumb\":{\"@id\":\"https:\/\/www.stavohome.com\/index.php\/produkt\/cenove-vyhodny-polysan-esca-gold-matt-jednodilna-sprchova-zastena-k-instalaci-ke-stene-sklo-cire-1000-mm-es1010-04-79540\/#breadcrumb\"},\"inLanguage\":\"cs\",\"potentialAction\":[{\"@type\":\"ReadAction\",\"target\":[\"https:\/\/www.stavohome.com\/index.php\/produkt\/cenove-vyhodny-polysan-esca-gold-matt-jednodilna-sprchova-zastena-k-instalaci-ke-stene-sklo-cire-1000-mm-es1010-04-79540\/\"]}]},{\"@type\":\"ImageObject\",\"inLanguage\":\"cs\",\"@id\":\"https:\/\/www.stavohome.com\/index.php\/produkt\/cenove-vyhodny-polysan-esca-gold-matt-jednodilna-sprchova-zastena-k-instalaci-ke-stene-sklo-cire-1000-mm-es1010-04-79540\/#primaryimage\",\"url\":\"https:\/\/www.stavohome.com\/wp-content\/uploads\/2026\/SK0012131-CZ20260425-093041-0-1777080643-ece0cf19f7b46502c3b26f91e66c3e88.webp\",\"contentUrl\":\"https:\/\/www.stavohome.com\/wp-content\/uploads\/2026\/SK0012131-CZ20260425-093041-0-1777080643-ece0cf19f7b46502c3b26f91e66c3e88.webp\",\"width\":971,\"height\":800},{\"@type\":\"BreadcrumbList\",\"@id\":\"https:\/\/www.stavohome.com\/index.php\/produkt\/cenove-vyhodny-polysan-esca-gold-matt-jednodilna-sprchova-zastena-k-instalaci-ke-stene-sklo-cire-1000-mm-es1010-04-79540\/#breadcrumb\",\"itemListElement\":[{\"@type\":\"ListItem\",\"position\":1,\"name\":\"Home\",\"item\":\"https:\/\/www.stavohome.com\/\"},{\"@type\":\"ListItem\",\"position\":2,\"name\":\"Products\",\"item\":\"https:\/\/www.stavohome.com\/index.php\/products\/\"},{\"@type\":\"ListItem\",\"position\":3,\"name\":\"Cenov\u011b V\u00fdhodn\u00fd Polysan ESCA GOLD MATT jednod\u00edln\u00e1 sprchov\u00e1 z\u00e1st\u011bna k instalaci ke st\u011bn\u011b, sklo \u010dir\u00e9, 1000 mm ES1010-04\"}]},{\"@type\":\"WebSite\",\"@id\":\"https:\/\/www.stavohome.com\/#website\",\"url\":\"https:\/\/www.stavohome.com\/\",\"name\":\"\",\"description\":\"\",\"potentialAction\":[{\"@type\":\"SearchAction\",\"target\":{\"@type\":\"EntryPoint\",\"urlTemplate\":\"https:\/\/www.stavohome.com\/?s={search_term_string}\"},\"query-input\":{\"@type\":\"PropertyValueSpecification\",\"valueRequired\":true,\"valueName\":\"search_term_string\"}}],\"inLanguage\":\"cs\"}]}<\/script>\n<!-- \/ Yoast SEO plugin. -->","yoast_head_json":{"title":"Cenov\u011b V\u00fdhodn\u00fd Polysan ESCA GOLD MATT jednod\u00edln\u00e1 sprchov\u00e1 z\u00e1st\u011bna k instalaci ke st\u011bn\u011b, sklo \u010dir\u00e9, 1000 mm ES1010-04 -","robots":{"index":"index","follow":"follow","max-snippet":"max-snippet:-1","max-image-preview":"max-image-preview:large","max-video-preview":"max-video-preview:-1"},"canonical":"https:\/\/www.stavohome.com\/index.php\/produkt\/cenove-vyhodny-polysan-esca-gold-matt-jednodilna-sprchova-zastena-k-instalaci-ke-stene-sklo-cire-1000-mm-es1010-04-79540\/","og_locale":"cs_CZ","og_type":"article","og_title":"Cenov\u011b V\u00fdhodn\u00fd Polysan ESCA GOLD MATT jednod\u00edln\u00e1 sprchov\u00e1 z\u00e1st\u011bna k instalaci ke st\u011bn\u011b, sklo \u010dir\u00e9, 1000 mm ES1010-04 -","og_description":"Polysan ESCA GOLD MATT jednod\u00edln\u00e1 sprchov\u00e1 z\u00e1st\u011bna k instalaci ke st\u011bn\u011b, sklo \u010dir\u00e9, 1000 mm ES1010-04 Kolekce walk-in z\u00e1st\u011bn ESCA umo\u017e\u0148uje kombinovat r\u016fzn\u00e1 skla s profily a vzp\u011brami v n\u011bkolika barevn\u00fdch proveden\u00edch, a\u0165 se jedn\u00e1 o instalaci ke st\u011bn\u011b nebo do prostoru. Walk-in z\u00e1st\u011bny ESCA d\u00edky stavebnicov\u00e9mu syst\u00e9mu poskytuj\u00ed dokonal\u00e9 \u0159e\u0161en\u00ed sprchov\u00e9ho koutu pro ka\u017edou [&hellip;]","og_url":"https:\/\/www.stavohome.com\/index.php\/produkt\/cenove-vyhodny-polysan-esca-gold-matt-jednodilna-sprchova-zastena-k-instalaci-ke-stene-sklo-cire-1000-mm-es1010-04-79540\/","og_image":[{"width":971,"height":800,"url":"https:\/\/www.stavohome.com\/wp-content\/uploads\/2026\/SK0012131-CZ20260425-093041-0-1777080643-ece0cf19f7b46502c3b26f91e66c3e88.webp","type":"image\/webp"}],"twitter_card":"summary_large_image","twitter_misc":{"Odhadovan\u00e1 doba \u010dten\u00ed":"2 minuty"},"schema":{"@context":"https:\/\/schema.org","@graph":[{"@type":"WebPage","@id":"https:\/\/www.stavohome.com\/index.php\/produkt\/cenove-vyhodny-polysan-esca-gold-matt-jednodilna-sprchova-zastena-k-instalaci-ke-stene-sklo-cire-1000-mm-es1010-04-79540\/","url":"https:\/\/www.stavohome.com\/index.php\/produkt\/cenove-vyhodny-polysan-esca-gold-matt-jednodilna-sprchova-zastena-k-instalaci-ke-stene-sklo-cire-1000-mm-es1010-04-79540\/","name":"Cenov\u011b V\u00fdhodn\u00fd Polysan ESCA GOLD MATT jednod\u00edln\u00e1 sprchov\u00e1 z\u00e1st\u011bna k instalaci ke st\u011bn\u011b, sklo \u010dir\u00e9, 1000 mm ES1010-04 -","isPartOf":{"@id":"https:\/\/www.stavohome.com\/#website"},"primaryImageOfPage":{"@id":"https:\/\/www.stavohome.com\/index.php\/produkt\/cenove-vyhodny-polysan-esca-gold-matt-jednodilna-sprchova-zastena-k-instalaci-ke-stene-sklo-cire-1000-mm-es1010-04-79540\/#primaryimage"},"image":{"@id":"https:\/\/www.stavohome.com\/index.php\/produkt\/cenove-vyhodny-polysan-esca-gold-matt-jednodilna-sprchova-zastena-k-instalaci-ke-stene-sklo-cire-1000-mm-es1010-04-79540\/#primaryimage"},"thumbnailUrl":"https:\/\/www.stavohome.com\/wp-content\/uploads\/2026\/SK0012131-CZ20260425-093041-0-1777080643-ece0cf19f7b46502c3b26f91e66c3e88.webp","datePublished":"2026-04-27T04:44:06+00:00","breadcrumb":{"@id":"https:\/\/www.stavohome.com\/index.php\/produkt\/cenove-vyhodny-polysan-esca-gold-matt-jednodilna-sprchova-zastena-k-instalaci-ke-stene-sklo-cire-1000-mm-es1010-04-79540\/#breadcrumb"},"inLanguage":"cs","potentialAction":[{"@type":"ReadAction","target":["https:\/\/www.stavohome.com\/index.php\/produkt\/cenove-vyhodny-polysan-esca-gold-matt-jednodilna-sprchova-zastena-k-instalaci-ke-stene-sklo-cire-1000-mm-es1010-04-79540\/"]}]},{"@type":"ImageObject","inLanguage":"cs","@id":"https:\/\/www.stavohome.com\/index.php\/produkt\/cenove-vyhodny-polysan-esca-gold-matt-jednodilna-sprchova-zastena-k-instalaci-ke-stene-sklo-cire-1000-mm-es1010-04-79540\/#primaryimage","url":"https:\/\/www.stavohome.com\/wp-content\/uploads\/2026\/SK0012131-CZ20260425-093041-0-1777080643-ece0cf19f7b46502c3b26f91e66c3e88.webp","contentUrl":"https:\/\/www.stavohome.com\/wp-content\/uploads\/2026\/SK0012131-CZ20260425-093041-0-1777080643-ece0cf19f7b46502c3b26f91e66c3e88.webp","width":971,"height":800},{"@type":"BreadcrumbList","@id":"https:\/\/www.stavohome.com\/index.php\/produkt\/cenove-vyhodny-polysan-esca-gold-matt-jednodilna-sprchova-zastena-k-instalaci-ke-stene-sklo-cire-1000-mm-es1010-04-79540\/#breadcrumb","itemListElement":[{"@type":"ListItem","position":1,"name":"Home","item":"https:\/\/www.stavohome.com\/"},{"@type":"ListItem","position":2,"name":"Products","item":"https:\/\/www.stavohome.com\/index.php\/products\/"},{"@type":"ListItem","position":3,"name":"Cenov\u011b V\u00fdhodn\u00fd Polysan ESCA GOLD MATT jednod\u00edln\u00e1 sprchov\u00e1 z\u00e1st\u011bna k instalaci ke st\u011bn\u011b, sklo \u010dir\u00e9, 1000 mm ES1010-04"}]},{"@type":"WebSite","@id":"https:\/\/www.stavohome.com\/#website","url":"https:\/\/www.stavohome.com\/","name":"","description":"","potentialAction":[{"@type":"SearchAction","target":{"@type":"EntryPoint","urlTemplate":"https:\/\/www.stavohome.com\/?s={search_term_string}"},"query-input":{"@type":"PropertyValueSpecification","valueRequired":true,"valueName":"search_term_string"}}],"inLanguage":"cs"}]}},"_links":{"self":[{"href":"https:\/\/www.stavohome.com\/index.php\/wp-json\/wp\/v2\/product\/79540","targetHints":{"allow":["GET"]}}],"collection":[{"href":"https:\/\/www.stavohome.com\/index.php\/wp-json\/wp\/v2\/product"}],"about":[{"href":"https:\/\/www.stavohome.com\/index.php\/wp-json\/wp\/v2\/types\/product"}],"replies":[{"embeddable":true,"href":"https:\/\/www.stavohome.com\/index.php\/wp-json\/wp\/v2\/comments?post=79540"}],"wp:featuredmedia":[{"embeddable":true,"href":"https:\/\/www.stavohome.com\/index.php\/wp-json\/wp\/v2\/media\/79592"}],"wp:attachment":[{"href":"https:\/\/www.stavohome.com\/index.php\/wp-json\/wp\/v2\/media?parent=79540"}],"wp:term":[{"taxonomy":"product_brand","embeddable":true,"href":"https:\/\/www.stavohome.com\/index.php\/wp-json\/wp\/v2\/product_brand?post=79540"},{"taxonomy":"product_cat","embeddable":true,"href":"https:\/\/www.stavohome.com\/index.php\/wp-json\/wp\/v2\/product_cat?post=79540"},{"taxonomy":"product_tag","embeddable":true,"href":"https:\/\/www.stavohome.com\/index.php\/wp-json\/wp\/v2\/product_tag?post=79540"}],"curies":[{"name":"wp","href":"https:\/\/api.w.org\/{rel}","templated":true}]}}